{"id":499,"date":"2023-12-11T15:43:27","date_gmt":"2023-12-11T14:43:27","guid":{"rendered":"https:\/\/rresort.nfhotel.usermd.net\/?page_id=499"},"modified":"2024-06-19T11:52:50","modified_gmt":"2024-06-19T09:52:50","slug":"zakwaterowanie","status":"publish","type":"page","link":"https:\/\/beztroskazatoka.pl\/en\/zakwaterowanie","title":{"rendered":"Accommodation"},"content":{"rendered":"","protected":false},"excerpt":{"rendered":"","protected":false},"author":3,"featured_media":731,"parent":0,"menu_order":0,"comment_status":"closed","ping_status":"closed","template":"","meta":{"_acf_changed":false,"inline_featured_image":false,"footnotes":""},"class_list":["post-499","page","type-page","status-publish","has-post-thumbnail","hentry"],"acf":[],"yoast_head":"<!-- This site is optimized with the Yoast SEO plugin v24.0 - https:\/\/yoast.com\/wordpress\/plugins\/seo\/ -->\n<title>Zakwaterowanie - Beztroska Zatoka - Wyj\u0105tkowy o\u015brodek wypoczynkowy w Po\u0142ajewku<\/title>\n<meta name=\"robots\" content=\"index, follow, max-snippet:-1, max-image-preview:large, max-video-preview:-1\" \/>\n<link rel=\"canonical\" href=\"https:\/\/beztroskazatoka.pl\/en\/zakwaterowanie\/\" \/>\n<meta property=\"og:locale\" content=\"en_GB\" \/>\n<meta property=\"og:type\" content=\"article\" \/>\n<meta property=\"og:title\" content=\"Zakwaterowanie - Beztroska Zatoka - Wyj\u0105tkowy o\u015brodek wypoczynkowy w Po\u0142ajewku\" \/>\n<meta property=\"og:url\" content=\"https:\/\/beztroskazatoka.pl\/en\/zakwaterowanie\/\" \/>\n<meta property=\"og:site_name\" content=\"Beztroska Zatoka\" \/>\n<meta property=\"article:modified_time\" content=\"2024-06-19T09:52:50+00:00\" \/>\n<meta property=\"og:image\" content=\"https:\/\/beztroskazatoka.pl\/wp-content\/uploads\/2024\/04\/WhatsApp-Image-2024-04-16-at-13.33.05-1.jpg\" \/>\n\t<meta property=\"og:image:width\" content=\"2048\" \/>\n\t<meta property=\"og:image:height\" content=\"1536\" \/>\n\t<meta property=\"og:image:type\" content=\"image\/jpeg\" \/>\n<meta name=\"twitter:card\" content=\"summary_large_image\" \/>\n<meta name=\"twitter:label1\" content=\"Estimated reading time\" \/>\n\t<meta name=\"twitter:data1\" content=\"1 minute\" \/>\n<script type=\"application\/ld+json\" class=\"yoast-schema-graph\">{\"@context\":\"https:\/\/schema.org\",\"@graph\":[{\"@type\":\"WebPage\",\"@id\":\"https:\/\/beztroskazatoka.pl\/zakwaterowanie\",\"url\":\"https:\/\/beztroskazatoka.pl\/zakwaterowanie\",\"name\":\"Zakwaterowanie - Beztroska Zatoka - Wyj\u0105tkowy o\u015brodek wypoczynkowy w Po\u0142ajewku\",\"isPartOf\":{\"@id\":\"https:\/\/beztroskazatoka.pl\/#website\"},\"primaryImageOfPage\":{\"@id\":\"https:\/\/beztroskazatoka.pl\/zakwaterowanie#primaryimage\"},\"image\":{\"@id\":\"https:\/\/beztroskazatoka.pl\/zakwaterowanie#primaryimage\"},\"thumbnailUrl\":\"https:\/\/beztroskazatoka.pl\/wp-content\/uploads\/2024\/04\/WhatsApp-Image-2024-04-16-at-13.33.05-1.jpg\",\"datePublished\":\"2023-12-11T14:43:27+00:00\",\"dateModified\":\"2024-06-19T09:52:50+00:00\",\"breadcrumb\":{\"@id\":\"https:\/\/beztroskazatoka.pl\/zakwaterowanie#breadcrumb\"},\"inLanguage\":\"en-GB\",\"potentialAction\":[{\"@type\":\"ReadAction\",\"target\":[\"https:\/\/beztroskazatoka.pl\/zakwaterowanie\"]}]},{\"@type\":\"ImageObject\",\"inLanguage\":\"en-GB\",\"@id\":\"https:\/\/beztroskazatoka.pl\/zakwaterowanie#primaryimage\",\"url\":\"https:\/\/beztroskazatoka.pl\/wp-content\/uploads\/2024\/04\/WhatsApp-Image-2024-04-16-at-13.33.05-1.jpg\",\"contentUrl\":\"https:\/\/beztroskazatoka.pl\/wp-content\/uploads\/2024\/04\/WhatsApp-Image-2024-04-16-at-13.33.05-1.jpg\",\"width\":2048,\"height\":1536},{\"@type\":\"BreadcrumbList\",\"@id\":\"https:\/\/beztroskazatoka.pl\/zakwaterowanie#breadcrumb\",\"itemListElement\":[{\"@type\":\"ListItem\",\"position\":1,\"name\":\"Strona g\u0142\u00f3wna\",\"item\":\"https:\/\/beztroskazatoka.pl\/\"},{\"@type\":\"ListItem\",\"position\":2,\"name\":\"Zakwaterowanie\"}]},{\"@type\":\"WebSite\",\"@id\":\"https:\/\/beztroskazatoka.pl\/#website\",\"url\":\"https:\/\/beztroskazatoka.pl\/\",\"name\":\"Beztroska Zatoka\",\"description\":\"Wyj\u0105tkowy o\u015brodek wypoczynkowy w Po\u0142ajewku\",\"potentialAction\":[{\"@type\":\"SearchAction\",\"target\":{\"@type\":\"EntryPoint\",\"urlTemplate\":\"https:\/\/beztroskazatoka.pl\/?s={search_term_string}\"},\"query-input\":{\"@type\":\"PropertyValueSpecification\",\"valueRequired\":true,\"valueName\":\"search_term_string\"}}],\"inLanguage\":\"en-GB\"}]}<\/script>\n<!-- \/ Yoast SEO plugin. -->","yoast_head_json":{"title":"Zakwaterowanie - Beztroska Zatoka - Wyj\u0105tkowy o\u015brodek wypoczynkowy w Po\u0142ajewku","robots":{"index":"index","follow":"follow","max-snippet":"max-snippet:-1","max-image-preview":"max-image-preview:large","max-video-preview":"max-video-preview:-1"},"canonical":"https:\/\/beztroskazatoka.pl\/en\/zakwaterowanie\/","og_locale":"en_GB","og_type":"article","og_title":"Zakwaterowanie - Beztroska Zatoka - Wyj\u0105tkowy o\u015brodek wypoczynkowy w Po\u0142ajewku","og_url":"https:\/\/beztroskazatoka.pl\/en\/zakwaterowanie\/","og_site_name":"Beztroska Zatoka","article_modified_time":"2024-06-19T09:52:50+00:00","og_image":[{"width":2048,"height":1536,"url":"https:\/\/beztroskazatoka.pl\/wp-content\/uploads\/2024\/04\/WhatsApp-Image-2024-04-16-at-13.33.05-1.jpg","type":"image\/jpeg"}],"twitter_card":"summary_large_image","twitter_misc":{"Estimated reading time":"1 minute"},"schema":{"@context":"https:\/\/schema.org","@graph":[{"@type":"WebPage","@id":"https:\/\/beztroskazatoka.pl\/zakwaterowanie","url":"https:\/\/beztroskazatoka.pl\/zakwaterowanie","name":"Zakwaterowanie - Beztroska Zatoka - Wyj\u0105tkowy o\u015brodek wypoczynkowy w Po\u0142ajewku","isPartOf":{"@id":"https:\/\/beztroskazatoka.pl\/#website"},"primaryImageOfPage":{"@id":"https:\/\/beztroskazatoka.pl\/zakwaterowanie#primaryimage"},"image":{"@id":"https:\/\/beztroskazatoka.pl\/zakwaterowanie#primaryimage"},"thumbnailUrl":"https:\/\/beztroskazatoka.pl\/wp-content\/uploads\/2024\/04\/WhatsApp-Image-2024-04-16-at-13.33.05-1.jpg","datePublished":"2023-12-11T14:43:27+00:00","dateModified":"2024-06-19T09:52:50+00:00","breadcrumb":{"@id":"https:\/\/beztroskazatoka.pl\/zakwaterowanie#breadcrumb"},"inLanguage":"en-GB","potentialAction":[{"@type":"ReadAction","target":["https:\/\/beztroskazatoka.pl\/zakwaterowanie"]}]},{"@type":"ImageObject","inLanguage":"en-GB","@id":"https:\/\/beztroskazatoka.pl\/zakwaterowanie#primaryimage","url":"https:\/\/beztroskazatoka.pl\/wp-content\/uploads\/2024\/04\/WhatsApp-Image-2024-04-16-at-13.33.05-1.jpg","contentUrl":"https:\/\/beztroskazatoka.pl\/wp-content\/uploads\/2024\/04\/WhatsApp-Image-2024-04-16-at-13.33.05-1.jpg","width":2048,"height":1536},{"@type":"BreadcrumbList","@id":"https:\/\/beztroskazatoka.pl\/zakwaterowanie#breadcrumb","itemListElement":[{"@type":"ListItem","position":1,"name":"Strona g\u0142\u00f3wna","item":"https:\/\/beztroskazatoka.pl\/"},{"@type":"ListItem","position":2,"name":"Zakwaterowanie"}]},{"@type":"WebSite","@id":"https:\/\/beztroskazatoka.pl\/#website","url":"https:\/\/beztroskazatoka.pl\/","name":"Beztroska Zatoka","description":"Wyj\u0105tkowy o\u015brodek wypoczynkowy w Po\u0142ajewku","potentialAction":[{"@type":"SearchAction","target":{"@type":"EntryPoint","urlTemplate":"https:\/\/beztroskazatoka.pl\/?s={search_term_string}"},"query-input":{"@type":"PropertyValueSpecification","valueRequired":true,"valueName":"search_term_string"}}],"inLanguage":"en-GB"}]}},"_links":{"self":[{"href":"https:\/\/beztroskazatoka.pl\/en\/wp-json\/wp\/v2\/pages\/499","targetHints":{"allow":["GET"]}}],"collection":[{"href":"https:\/\/beztroskazatoka.pl\/en\/wp-json\/wp\/v2\/pages"}],"about":[{"href":"https:\/\/beztroskazatoka.pl\/en\/wp-json\/wp\/v2\/types\/page"}],"author":[{"embeddable":true,"href":"https:\/\/beztroskazatoka.pl\/en\/wp-json\/wp\/v2\/users\/3"}],"replies":[{"embeddable":true,"href":"https:\/\/beztroskazatoka.pl\/en\/wp-json\/wp\/v2\/comments?post=499"}],"version-history":[{"count":3,"href":"https:\/\/beztroskazatoka.pl\/en\/wp-json\/wp\/v2\/pages\/499\/revisions"}],"predecessor-version":[{"id":689,"href":"https:\/\/beztroskazatoka.pl\/en\/wp-json\/wp\/v2\/pages\/499\/revisions\/689"}],"wp:featuredmedia":[{"embeddable":true,"href":"https:\/\/beztroskazatoka.pl\/en\/wp-json\/wp\/v2\/media\/731"}],"wp:attachment":[{"href":"https:\/\/beztroskazatoka.pl\/en\/wp-json\/wp\/v2\/media?parent=499"}],"curies":[{"name":"wp","href":"https:\/\/api.w.org\/{rel}","templated":true}]}}