{"id":803,"date":"2024-12-02T13:23:44","date_gmt":"2024-12-02T12:23:44","guid":{"rendered":"https:\/\/beztroskazatoka.pl\/?page_id=803"},"modified":"2024-12-03T08:28:39","modified_gmt":"2024-12-03T07:28:39","slug":"vouchery","status":"publish","type":"page","link":"https:\/\/beztroskazatoka.pl\/en\/vouchery","title":{"rendered":"Vouchery"},"content":{"rendered":"","protected":false},"excerpt":{"rendered":"","protected":false},"author":3,"featured_media":699,"parent":0,"menu_order":0,"comment_status":"closed","ping_status":"closed","template":"","meta":{"_acf_changed":false,"inline_featured_image":false,"footnotes":""},"class_list":["post-803","page","type-page","status-publish","has-post-thumbnail","hentry"],"acf":[],"yoast_head":"<!-- This site is optimized with the Yoast SEO plugin v24.0 - https:\/\/yoast.com\/wordpress\/plugins\/seo\/ -->\n<title>Vouchery - Beztroska Zatoka<\/title>\n<meta name=\"robots\" content=\"index, follow, max-snippet:-1, max-image-preview:large, max-video-preview:-1\" \/>\n<link rel=\"canonical\" href=\"https:\/\/beztroskazatoka.pl\/en\/vouchery\/\" \/>\n<meta property=\"og:locale\" content=\"en_GB\" \/>\n<meta property=\"og:type\" content=\"article\" \/>\n<meta property=\"og:title\" content=\"Vouchery - Beztroska Zatoka\" \/>\n<meta property=\"og:url\" content=\"https:\/\/beztroskazatoka.pl\/en\/vouchery\/\" \/>\n<meta property=\"og:site_name\" content=\"Beztroska Zatoka\" \/>\n<meta property=\"article:modified_time\" content=\"2024-12-03T07:28:39+00:00\" \/>\n<meta property=\"og:image\" content=\"https:\/\/beztroskazatoka.pl\/wp-content\/uploads\/2024\/04\/5-1-1024x576-1.jpg\" \/>\n\t<meta property=\"og:image:width\" content=\"1024\" \/>\n\t<meta property=\"og:image:height\" content=\"576\" \/>\n\t<meta property=\"og:image:type\" content=\"image\/jpeg\" \/>\n<meta name=\"twitter:card\" content=\"summary_large_image\" \/>\n<meta name=\"twitter:label1\" content=\"Estimated reading time\" \/>\n\t<meta name=\"twitter:data1\" content=\"3 minutes\" \/>\n<script type=\"application\/ld+json\" class=\"yoast-schema-graph\">{\"@context\":\"https:\/\/schema.org\",\"@graph\":[{\"@type\":\"WebPage\",\"@id\":\"https:\/\/beztroskazatoka.pl\/vouchery\",\"url\":\"https:\/\/beztroskazatoka.pl\/vouchery\",\"name\":\"Vouchery - Beztroska Zatoka\",\"isPartOf\":{\"@id\":\"https:\/\/beztroskazatoka.pl\/#website\"},\"primaryImageOfPage\":{\"@id\":\"https:\/\/beztroskazatoka.pl\/vouchery#primaryimage\"},\"image\":{\"@id\":\"https:\/\/beztroskazatoka.pl\/vouchery#primaryimage\"},\"thumbnailUrl\":\"https:\/\/beztroskazatoka.pl\/wp-content\/uploads\/2024\/04\/5-1-1024x576-1.jpg\",\"datePublished\":\"2024-12-02T12:23:44+00:00\",\"dateModified\":\"2024-12-03T07:28:39+00:00\",\"breadcrumb\":{\"@id\":\"https:\/\/beztroskazatoka.pl\/vouchery#breadcrumb\"},\"inLanguage\":\"en-GB\",\"potentialAction\":[{\"@type\":\"ReadAction\",\"target\":[\"https:\/\/beztroskazatoka.pl\/vouchery\"]}]},{\"@type\":\"ImageObject\",\"inLanguage\":\"en-GB\",\"@id\":\"https:\/\/beztroskazatoka.pl\/vouchery#primaryimage\",\"url\":\"https:\/\/beztroskazatoka.pl\/wp-content\/uploads\/2024\/04\/5-1-1024x576-1.jpg\",\"contentUrl\":\"https:\/\/beztroskazatoka.pl\/wp-content\/uploads\/2024\/04\/5-1-1024x576-1.jpg\",\"width\":1024,\"height\":576},{\"@type\":\"BreadcrumbList\",\"@id\":\"https:\/\/beztroskazatoka.pl\/vouchery#breadcrumb\",\"itemListElement\":[{\"@type\":\"ListItem\",\"position\":1,\"name\":\"Strona g\u0142\u00f3wna\",\"item\":\"https:\/\/beztroskazatoka.pl\/\"},{\"@type\":\"ListItem\",\"position\":2,\"name\":\"Vouchery\"}]},{\"@type\":\"WebSite\",\"@id\":\"https:\/\/beztroskazatoka.pl\/#website\",\"url\":\"https:\/\/beztroskazatoka.pl\/\",\"name\":\"Beztroska Zatoka\",\"description\":\"Wyj\u0105tkowy o\u015brodek wypoczynkowy w Po\u0142ajewku\",\"potentialAction\":[{\"@type\":\"SearchAction\",\"target\":{\"@type\":\"EntryPoint\",\"urlTemplate\":\"https:\/\/beztroskazatoka.pl\/?s={search_term_string}\"},\"query-input\":{\"@type\":\"PropertyValueSpecification\",\"valueRequired\":true,\"valueName\":\"search_term_string\"}}],\"inLanguage\":\"en-GB\"}]}<\/script>\n<!-- \/ Yoast SEO plugin. -->","yoast_head_json":{"title":"Vouchery - Beztroska Zatoka","robots":{"index":"index","follow":"follow","max-snippet":"max-snippet:-1","max-image-preview":"max-image-preview:large","max-video-preview":"max-video-preview:-1"},"canonical":"https:\/\/beztroskazatoka.pl\/en\/vouchery\/","og_locale":"en_GB","og_type":"article","og_title":"Vouchery - Beztroska Zatoka","og_url":"https:\/\/beztroskazatoka.pl\/en\/vouchery\/","og_site_name":"Beztroska Zatoka","article_modified_time":"2024-12-03T07:28:39+00:00","og_image":[{"width":1024,"height":576,"url":"https:\/\/beztroskazatoka.pl\/wp-content\/uploads\/2024\/04\/5-1-1024x576-1.jpg","type":"image\/jpeg"}],"twitter_card":"summary_large_image","twitter_misc":{"Estimated reading time":"3 minutes"},"schema":{"@context":"https:\/\/schema.org","@graph":[{"@type":"WebPage","@id":"https:\/\/beztroskazatoka.pl\/vouchery","url":"https:\/\/beztroskazatoka.pl\/vouchery","name":"Vouchery - Beztroska Zatoka","isPartOf":{"@id":"https:\/\/beztroskazatoka.pl\/#website"},"primaryImageOfPage":{"@id":"https:\/\/beztroskazatoka.pl\/vouchery#primaryimage"},"image":{"@id":"https:\/\/beztroskazatoka.pl\/vouchery#primaryimage"},"thumbnailUrl":"https:\/\/beztroskazatoka.pl\/wp-content\/uploads\/2024\/04\/5-1-1024x576-1.jpg","datePublished":"2024-12-02T12:23:44+00:00","dateModified":"2024-12-03T07:28:39+00:00","breadcrumb":{"@id":"https:\/\/beztroskazatoka.pl\/vouchery#breadcrumb"},"inLanguage":"en-GB","potentialAction":[{"@type":"ReadAction","target":["https:\/\/beztroskazatoka.pl\/vouchery"]}]},{"@type":"ImageObject","inLanguage":"en-GB","@id":"https:\/\/beztroskazatoka.pl\/vouchery#primaryimage","url":"https:\/\/beztroskazatoka.pl\/wp-content\/uploads\/2024\/04\/5-1-1024x576-1.jpg","contentUrl":"https:\/\/beztroskazatoka.pl\/wp-content\/uploads\/2024\/04\/5-1-1024x576-1.jpg","width":1024,"height":576},{"@type":"BreadcrumbList","@id":"https:\/\/beztroskazatoka.pl\/vouchery#breadcrumb","itemListElement":[{"@type":"ListItem","position":1,"name":"Strona g\u0142\u00f3wna","item":"https:\/\/beztroskazatoka.pl\/"},{"@type":"ListItem","position":2,"name":"Vouchery"}]},{"@type":"WebSite","@id":"https:\/\/beztroskazatoka.pl\/#website","url":"https:\/\/beztroskazatoka.pl\/","name":"Beztroska Zatoka","description":"Wyj\u0105tkowy o\u015brodek wypoczynkowy w Po\u0142ajewku","potentialAction":[{"@type":"SearchAction","target":{"@type":"EntryPoint","urlTemplate":"https:\/\/beztroskazatoka.pl\/?s={search_term_string}"},"query-input":{"@type":"PropertyValueSpecification","valueRequired":true,"valueName":"search_term_string"}}],"inLanguage":"en-GB"}]}},"_links":{"self":[{"href":"https:\/\/beztroskazatoka.pl\/en\/wp-json\/wp\/v2\/pages\/803","targetHints":{"allow":["GET"]}}],"collection":[{"href":"https:\/\/beztroskazatoka.pl\/en\/wp-json\/wp\/v2\/pages"}],"about":[{"href":"https:\/\/beztroskazatoka.pl\/en\/wp-json\/wp\/v2\/types\/page"}],"author":[{"embeddable":true,"href":"https:\/\/beztroskazatoka.pl\/en\/wp-json\/wp\/v2\/users\/3"}],"replies":[{"embeddable":true,"href":"https:\/\/beztroskazatoka.pl\/en\/wp-json\/wp\/v2\/comments?post=803"}],"version-history":[{"count":1,"href":"https:\/\/beztroskazatoka.pl\/en\/wp-json\/wp\/v2\/pages\/803\/revisions"}],"predecessor-version":[{"id":804,"href":"https:\/\/beztroskazatoka.pl\/en\/wp-json\/wp\/v2\/pages\/803\/revisions\/804"}],"wp:featuredmedia":[{"embeddable":true,"href":"https:\/\/beztroskazatoka.pl\/en\/wp-json\/wp\/v2\/media\/699"}],"wp:attachment":[{"href":"https:\/\/beztroskazatoka.pl\/en\/wp-json\/wp\/v2\/media?parent=803"}],"curies":[{"name":"wp","href":"https:\/\/api.w.org\/{rel}","templated":true}]}}